{"id":28,"date":"2023-05-10T22:26:06","date_gmt":"2023-05-10T22:26:06","guid":{"rendered":"https:\/\/arbolesartificiales.net\/?page_id=28"},"modified":"2023-07-06T22:24:58","modified_gmt":"2023-07-06T22:24:58","slug":"contacto","status":"publish","type":"page","link":"https:\/\/arbolesartificiales.net\/?page_id=28","title":{"rendered":"Contacto"},"content":{"rendered":"<h1>CONTACTO<\/h1>\n<div>\n<h3>Llena este formulario y en breve nos pondremos en contacto<\/h3>\n<div>\n<p><script charset=\"utf-8\" type=\"text\/javascript\" src=\"\/\/js.hsforms.net\/forms\/embed\/v2.js\"><\/script> <script>\n  hbspt.forms.create({\n    region: \"na1\",\n    portalId: \"40171927\",\n    formId: \"6d767473-0037-461b-bbfd-dc97fa852beb\"\n  });\n<\/script><\/p>\n<\/div>\n<\/div>\n<ul>\n<li>\n        <a href=\"https:\/\/wa.me\/57573104309155\">Escribir Whatsapp<\/a>\n    <\/li>\n<li>\n        <a href=\"tel:+573104309155\">Llamar:  3104309155<\/a>\n    <\/li>\n<\/ul>\n<div>\n<p><strong>Plastic Trees es una empresa especializada en el dise\u00f1o y construcci\u00f3n de espacios recreativos arquitect\u00f3nicos en Colombia y Sudam\u00e9rica. Nuestra experiencia abarca la creaci\u00f3n de paisajismos artificiales, como \u00e1rboles, rocas y cascadas artificiales, as\u00ed como la instalaci\u00f3n de muros de escalada, piscinas tem\u00e1ticas, montajes comerciales y \u00e1reas de juegos infantiles en Bogot\u00e1. Tambi\u00e9n ofrecemos servicios de dise\u00f1o y construcci\u00f3n de esculturas en icopor, as\u00ed como escenograf\u00edas artificiales para diversos eventos automotrices, ya sea para la venta o el alquiler.<\/strong><\/p>\n<\/div>\n<p><!--more--><br \/>\n<!-- {\"type\":\"layout\",\"children\":[{\"type\":\"section\",\"props\":{\"image\":\"\",\"image_effect\":\"fixed\",\"image_position\":\"bottom-center\",\"image_size\":\"cover\",\"media_overlay\":\"rgba(0, 0, 0, 0.48)\",\"padding\":\"large\",\"style\":\"default\",\"title_breakpoint\":\"xl\",\"title_position\":\"top-left\",\"title_rotation\":\"left\",\"vertical_align\":\"middle\",\"video\":\"wp-content\\\/uploads\\\/2023\\\/05\\\/Video-a-1.mp4\",\"width\":\"default\"},\"children\":[{\"type\":\"row\",\"children\":[{\"type\":\"column\",\"props\":{\"image_position\":\"center-center\",\"media_overlay_gradient\":\"\",\"position_sticky_breakpoint\":\"m\"},\"children\":[{\"type\":\"headline\",\"props\":{\"content\":\"CONTACTO\",\"text_align\":\"center\",\"title_element\":\"h1\"}}]}]},{\"type\":\"row\",\"props\":{\"layout\":\"3-5,2-5\"},\"children\":[{\"type\":\"column\",\"props\":{\"image\":\"wp-content\\\/uploads\\\/2023\\\/06\\\/logo_Mesa-de-trabajo-1-copia-5.png\",\"image_position\":\"center-center\",\"media_overlay\":\"#FFFFFF\",\"media_overlay_gradient\":\"\",\"position_sticky_breakpoint\":\"m\",\"width_medium\":\"3-5\"},\"children\":[{\"type\":\"panel\",\"props\":{\"content\":\"\n\n<p><script charset=\\\"utf-8\\\" type=\\\"text\\\/javascript\\\" src=\\\"\\\/\\\/js.hsforms.net\\\/forms\\\/embed\\\/v2.js\\\"><\\\/script> <script>\\n  hbspt.forms.create({\\n    region: \\\"na1\\\",\\n    portalId: \\\"40171927\\\",\\n    formId: \\\"6d767473-0037-461b-bbfd-dc97fa852beb\\\"\\n  });\\n<\\\/script><\\\/p>\",\"content_column_breakpoint\":\"m\",\"icon_width\":80,\"image_align\":\"top\",\"image_grid_breakpoint\":\"m\",\"image_grid_width\":\"1-2\",\"image_svg_color\":\"emphasis\",\"link_style\":\"default\",\"link_text\":\"Read more\",\"margin\":\"default\",\"meta_align\":\"below-title\",\"meta_element\":\"div\",\"meta_style\":\"text-meta\",\"panel_padding\":\"large\",\"title\":\"Llena este formulario y en breve nos pondremos en contacto\",\"title_align\":\"top\",\"title_color\":\"primary\",\"title_element\":\"h3\",\"title_grid_breakpoint\":\"m\",\"title_grid_width\":\"1-2\",\"title_hover_style\":\"reset\"}}]},{\"type\":\"column\",\"props\":{\"image_position\":\"center-center\",\"media_overlay_gradient\":\"\",\"position_sticky_breakpoint\":\"m\",\"width_medium\":\"2-5\"},\"children\":[{\"type\":\"button\",\"props\":{\"fullwidth\":true,\"grid_column_gap\":\"small\",\"grid_row_gap\":\"small\",\"margin\":\"large\"},\"children\":[{\"type\":\"button_item\",\"props\":{\"button_style\":\"default\",\"content\":\"Escribir Whatsapp\",\"icon\":\"whatsapp\",\"icon_align\":\"left\",\"link\":\"https:\\\/\\\/wa.me\\\/57573104309155\",\"link_target\":\"blank\"}},{\"type\":\"button_item\",\"props\":{\"button_style\":\"primary\",\"content\":\"Llamar:  3104309155\",\"icon\":\"receiver\",\"icon_align\":\"left\",\"link\":\"tel:+573104309155\"}}],\"name\":\"botones\"},{\"type\":\"text\",\"props\":{\"column_breakpoint\":\"m\",\"content\":\"\n\n<p><strong>Plastic Trees es una empresa especializada en el dise\\u00f1o y construcci\\u00f3n de espacios recreativos arquitect\\u00f3nicos en Colombia y Sudam\\u00e9rica. Nuestra experiencia abarca la creaci\\u00f3n de paisajismos artificiales, como \\u00e1rboles, rocas y cascadas artificiales, as\\u00ed como la instalaci\\u00f3n de muros de escalada, piscinas tem\\u00e1ticas, montajes comerciales y \\u00e1reas de juegos infantiles en Bogot\\u00e1. Tambi\\u00e9n ofrecemos servicios de dise\\u00f1o y construcci\\u00f3n de esculturas en icopor, as\\u00ed como escenograf\\u00edas artificiales para diversos eventos automotrices, ya sea para la venta o el alquiler.<\\\/strong><\\\/p>\",\"margin\":\"default\"}},{\"type\":\"map\",\"props\":{\"controls\":true,\"dragging\":false,\"image_svg_color\":\"emphasis\",\"link_style\":\"default\",\"link_text\":\"Read more\",\"margin\":\"default\",\"max_zoom\":18,\"meta_align\":\"below-title\",\"meta_element\":\"div\",\"meta_style\":\"text-meta\",\"min_zoom\":0,\"poi\":false,\"show_content\":true,\"show_image\":true,\"show_link\":true,\"show_meta\":true,\"show_title\":true,\"title_element\":\"h3\",\"title_hover_style\":\"reset\",\"type\":\"roadmap\",\"zoom\":10,\"zooming\":false},\"children\":[]}]}]}]}],\"version\":\"3.0.31\"} --><\/p>\n","protected":false},"excerpt":{"rendered":"<p>CONTACTO Llena este formulario y en breve nos pondremos en contacto Escribir Whatsapp Llamar: 3104309155 Plastic Trees es una empresa especializada en el dise\u00f1o y construcci\u00f3n de espacios recreativos arquitect\u00f3nicos en Colombia y Sudam\u00e9rica. Nuestra experiencia abarca la creaci\u00f3n de paisajismos artificiales, como \u00e1rboles, rocas y cascadas artificiales, as\u00ed como la instalaci\u00f3n de muros de [&hellip;]<\/p>\n","protected":false},"author":1,"featured_media":0,"parent":0,"menu_order":0,"comment_status":"closed","ping_status":"closed","template":"","meta":{"footnotes":""},"class_list":["post-28","page","type-page","status-publish","hentry"],"yoast_head":"<!-- This site is optimized with the Yoast SEO plugin v25.1 - https:\/\/yoast.com\/wordpress\/plugins\/seo\/ -->\n<title>Contacto - FABRICA<\/title>\n<meta name=\"robots\" content=\"index, follow, max-snippet:-1, max-image-preview:large, max-video-preview:-1\" \/>\n<link rel=\"canonical\" href=\"https:\/\/arbolesartificiales.net\/?page_id=28\" \/>\n<meta property=\"og:locale\" content=\"es_ES\" \/>\n<meta property=\"og:type\" content=\"article\" \/>\n<meta property=\"og:title\" content=\"Contacto - FABRICA\" \/>\n<meta property=\"og:description\" content=\"CONTACTO Llena este formulario y en breve nos pondremos en contacto Escribir Whatsapp Llamar: 3104309155 Plastic Trees es una empresa especializada en el dise\u00f1o y construcci\u00f3n de espacios recreativos arquitect\u00f3nicos en Colombia y Sudam\u00e9rica. Nuestra experiencia abarca la creaci\u00f3n de paisajismos artificiales, como \u00e1rboles, rocas y cascadas artificiales, as\u00ed como la instalaci\u00f3n de muros de [&hellip;]\" \/>\n<meta property=\"og:url\" content=\"https:\/\/arbolesartificiales.net\/?page_id=28\" \/>\n<meta property=\"og:site_name\" content=\"FABRICA\" \/>\n<meta property=\"article:modified_time\" content=\"2023-07-06T22:24:58+00:00\" \/>\n<meta name=\"twitter:card\" content=\"summary_large_image\" \/>\n<meta name=\"twitter:label1\" content=\"Tiempo de lectura\" \/>\n\t<meta name=\"twitter:data1\" content=\"1 minuto\" \/>\n<script type=\"application\/ld+json\" class=\"yoast-schema-graph\">{\"@context\":\"https:\/\/schema.org\",\"@graph\":[{\"@type\":\"WebPage\",\"@id\":\"https:\/\/arbolesartificiales.net\/?page_id=28\",\"url\":\"https:\/\/arbolesartificiales.net\/?page_id=28\",\"name\":\"Contacto - FABRICA\",\"isPartOf\":{\"@id\":\"https:\/\/arbolesartificiales.net\/#website\"},\"datePublished\":\"2023-05-10T22:26:06+00:00\",\"dateModified\":\"2023-07-06T22:24:58+00:00\",\"breadcrumb\":{\"@id\":\"https:\/\/arbolesartificiales.net\/?page_id=28#breadcrumb\"},\"inLanguage\":\"es-CO\",\"potentialAction\":[{\"@type\":\"ReadAction\",\"target\":[\"https:\/\/arbolesartificiales.net\/?page_id=28\"]}]},{\"@type\":\"BreadcrumbList\",\"@id\":\"https:\/\/arbolesartificiales.net\/?page_id=28#breadcrumb\",\"itemListElement\":[{\"@type\":\"ListItem\",\"position\":1,\"name\":\"Home\",\"item\":\"https:\/\/arbolesartificiales.net\/\"},{\"@type\":\"ListItem\",\"position\":2,\"name\":\"Contacto\"}]},{\"@type\":\"WebSite\",\"@id\":\"https:\/\/arbolesartificiales.net\/#website\",\"url\":\"https:\/\/arbolesartificiales.net\/\",\"name\":\"FABRICA\",\"description\":\"ARTIFICIALES BOGOTA\",\"publisher\":{\"@id\":\"https:\/\/arbolesartificiales.net\/#organization\"},\"potentialAction\":[{\"@type\":\"SearchAction\",\"target\":{\"@type\":\"EntryPoint\",\"urlTemplate\":\"https:\/\/arbolesartificiales.net\/?s={search_term_string}\"},\"query-input\":{\"@type\":\"PropertyValueSpecification\",\"valueRequired\":true,\"valueName\":\"search_term_string\"}}],\"inLanguage\":\"es-CO\"},{\"@type\":\"Organization\",\"@id\":\"https:\/\/arbolesartificiales.net\/#organization\",\"name\":\"Plastic Trees\",\"url\":\"https:\/\/arbolesartificiales.net\/\",\"logo\":{\"@type\":\"ImageObject\",\"inLanguage\":\"es-CO\",\"@id\":\"https:\/\/arbolesartificiales.net\/#\/schema\/logo\/image\/\",\"url\":\"https:\/\/arbolesartificiales.net\/wp-content\/uploads\/2023\/06\/i2a.png\",\"contentUrl\":\"https:\/\/arbolesartificiales.net\/wp-content\/uploads\/2023\/06\/i2a.png\",\"width\":201,\"height\":201,\"caption\":\"Plastic Trees\"},\"image\":{\"@id\":\"https:\/\/arbolesartificiales.net\/#\/schema\/logo\/image\/\"}}]}<\/script>\n<!-- \/ Yoast SEO plugin. -->","yoast_head_json":{"title":"Contacto - FABRICA","robots":{"index":"index","follow":"follow","max-snippet":"max-snippet:-1","max-image-preview":"max-image-preview:large","max-video-preview":"max-video-preview:-1"},"canonical":"https:\/\/arbolesartificiales.net\/?page_id=28","og_locale":"es_ES","og_type":"article","og_title":"Contacto - FABRICA","og_description":"CONTACTO Llena este formulario y en breve nos pondremos en contacto Escribir Whatsapp Llamar: 3104309155 Plastic Trees es una empresa especializada en el dise\u00f1o y construcci\u00f3n de espacios recreativos arquitect\u00f3nicos en Colombia y Sudam\u00e9rica. Nuestra experiencia abarca la creaci\u00f3n de paisajismos artificiales, como \u00e1rboles, rocas y cascadas artificiales, as\u00ed como la instalaci\u00f3n de muros de [&hellip;]","og_url":"https:\/\/arbolesartificiales.net\/?page_id=28","og_site_name":"FABRICA","article_modified_time":"2023-07-06T22:24:58+00:00","twitter_card":"summary_large_image","twitter_misc":{"Tiempo de lectura":"1 minuto"},"schema":{"@context":"https:\/\/schema.org","@graph":[{"@type":"WebPage","@id":"https:\/\/arbolesartificiales.net\/?page_id=28","url":"https:\/\/arbolesartificiales.net\/?page_id=28","name":"Contacto - FABRICA","isPartOf":{"@id":"https:\/\/arbolesartificiales.net\/#website"},"datePublished":"2023-05-10T22:26:06+00:00","dateModified":"2023-07-06T22:24:58+00:00","breadcrumb":{"@id":"https:\/\/arbolesartificiales.net\/?page_id=28#breadcrumb"},"inLanguage":"es-CO","potentialAction":[{"@type":"ReadAction","target":["https:\/\/arbolesartificiales.net\/?page_id=28"]}]},{"@type":"BreadcrumbList","@id":"https:\/\/arbolesartificiales.net\/?page_id=28#breadcrumb","itemListElement":[{"@type":"ListItem","position":1,"name":"Home","item":"https:\/\/arbolesartificiales.net\/"},{"@type":"ListItem","position":2,"name":"Contacto"}]},{"@type":"WebSite","@id":"https:\/\/arbolesartificiales.net\/#website","url":"https:\/\/arbolesartificiales.net\/","name":"FABRICA","description":"ARTIFICIALES BOGOTA","publisher":{"@id":"https:\/\/arbolesartificiales.net\/#organization"},"potentialAction":[{"@type":"SearchAction","target":{"@type":"EntryPoint","urlTemplate":"https:\/\/arbolesartificiales.net\/?s={search_term_string}"},"query-input":{"@type":"PropertyValueSpecification","valueRequired":true,"valueName":"search_term_string"}}],"inLanguage":"es-CO"},{"@type":"Organization","@id":"https:\/\/arbolesartificiales.net\/#organization","name":"Plastic Trees","url":"https:\/\/arbolesartificiales.net\/","logo":{"@type":"ImageObject","inLanguage":"es-CO","@id":"https:\/\/arbolesartificiales.net\/#\/schema\/logo\/image\/","url":"https:\/\/arbolesartificiales.net\/wp-content\/uploads\/2023\/06\/i2a.png","contentUrl":"https:\/\/arbolesartificiales.net\/wp-content\/uploads\/2023\/06\/i2a.png","width":201,"height":201,"caption":"Plastic Trees"},"image":{"@id":"https:\/\/arbolesartificiales.net\/#\/schema\/logo\/image\/"}}]}},"_links":{"self":[{"href":"https:\/\/arbolesartificiales.net\/index.php?rest_route=\/wp\/v2\/pages\/28","targetHints":{"allow":["GET"]}}],"collection":[{"href":"https:\/\/arbolesartificiales.net\/index.php?rest_route=\/wp\/v2\/pages"}],"about":[{"href":"https:\/\/arbolesartificiales.net\/index.php?rest_route=\/wp\/v2\/types\/page"}],"author":[{"embeddable":true,"href":"https:\/\/arbolesartificiales.net\/index.php?rest_route=\/wp\/v2\/users\/1"}],"replies":[{"embeddable":true,"href":"https:\/\/arbolesartificiales.net\/index.php?rest_route=%2Fwp%2Fv2%2Fcomments&post=28"}],"version-history":[{"count":26,"href":"https:\/\/arbolesartificiales.net\/index.php?rest_route=\/wp\/v2\/pages\/28\/revisions"}],"predecessor-version":[{"id":1165,"href":"https:\/\/arbolesartificiales.net\/index.php?rest_route=\/wp\/v2\/pages\/28\/revisions\/1165"}],"wp:attachment":[{"href":"https:\/\/arbolesartificiales.net\/index.php?rest_route=%2Fwp%2Fv2%2Fmedia&parent=28"}],"curies":[{"name":"wp","href":"https:\/\/api.w.org\/{rel}","templated":true}]}}