{"id":23,"date":"2023-05-10T22:26:06","date_gmt":"2023-05-10T22:26:06","guid":{"rendered":"https:\/\/arbolesartificiales.net\/?page_id=23"},"modified":"2023-07-26T22:00:39","modified_gmt":"2023-07-26T22:00:39","slug":"playgrounds-artificiales","status":"publish","type":"page","link":"https:\/\/arbolesartificiales.net\/?page_id=23","title":{"rendered":"Playgrounds Artificiales"},"content":{"rendered":"<h2>PLAYGROUNDS ARTIFICIALES<\/h2>\n<hr>\n<div>\n<p><span>La compa\u00f1\u00eda se ha enfocado en el desarrollo y edificaci\u00f3n de \u00e1reas de playgrounds artificiales, con el objetivo de cumplir con las demandas de nuestros clientes mediante la creaci\u00f3n y adaptaci\u00f3n de entornos infantiles, residenciales y comerciales, siempre priorizando la promoci\u00f3n de una cultura del juego.<\/span><\/p>\n<\/div>\n<ul>\n<li>\n<p>        <img decoding=\"async\" src=\"\/wp-content\/uploads\/2023\/05\/img-20170110-wa0000-1.jpg\" alt=\"Playgrounds Artificiales\"><\/p>\n<\/li>\n<li>\n<p>        <img decoding=\"async\" src=\"\/wp-content\/uploads\/2023\/05\/arboles-artificiales-centros-coemrciales-1.jpg\" alt=\"Playgrounds Artificiales\"><\/p>\n<\/li>\n<\/ul>\n<h1>NUESTROS PRODUCTOS SE PUEDEN OBTENER EN VENTA O ALQUILER<\/h1>\n<ul>\n<li>\n        <a href=\"https:\/\/wa.me\/57573104309155\">Escribir Whatsapp<\/a>\n    <\/li>\n<li>\n        <a href=\"tel:+573104309155\">Llamar:  3104309155<\/a>\n    <\/li>\n<li>\n        <a href=\"\/contacto\/\">Cont\u00e1ctanos <\/a>\n    <\/li>\n<\/ul>\n<div>Nuestra idea central es crear espacios ludikos integrando tematizaciones y paisajismo artificial para obtener un mundo divertido donde las personas puedan echar a volar su imaginaci\u00f3n atesorando estos momentos en familia a trav\u00e9s de generaciones.<\/div>\n<ul>\n<li>\n<p>        <img decoding=\"async\" src=\"\/wp-content\/uploads\/2023\/05\/img-20170110-wa0000-1.jpg\" alt=\"Playgrounds Artificiales\"><\/p>\n<\/li>\n<li>\n<p>        <img decoding=\"async\" src=\"\/wp-content\/uploads\/2023\/05\/arboles-artificiales-centros-coemrciales-1.jpg\" alt=\"Playgrounds Artificiales\"><\/p>\n<\/li>\n<\/ul>\n<ul>\n<li>\n<p>        <img decoding=\"async\" src=\"\/wp-content\/uploads\/2023\/05\/p1040020.jpg\" alt=\"Playgrounds Artificiales\"><\/p>\n<\/li>\n<li>\n<p>        <img decoding=\"async\" src=\"\/wp-content\/uploads\/2023\/05\/arboles-artificiales-inernos-1.jpg\" alt=\"Playgrounds Artificiales\"><\/p>\n<\/li>\n<li>\n<p>        <img decoding=\"async\" src=\"\/wp-content\/uploads\/2023\/05\/playgrounds-artificiales-casas-de-juego-1.jpg\" alt=\"Playgrounds Artificiales\"><\/p>\n<\/li>\n<li>\n<p>        <img decoding=\"async\" src=\"\/wp-content\/uploads\/2023\/05\/p1040169.jpg\" alt=\"Playgrounds Artificiales\"><\/p>\n<\/li>\n<li>\n<p>        <img decoding=\"async\" src=\"\/wp-content\/uploads\/2023\/05\/p1040171.jpg\" alt=\"Playgrounds Artificiales\"><\/p>\n<\/li>\n<li>\n<p>        <img decoding=\"async\" src=\"\/wp-content\/uploads\/2023\/05\/p1040225.jpg\" alt=\"Playgrounds Artificiales\"><\/p>\n<\/li>\n<li>\n<p>        <img decoding=\"async\" src=\"\/wp-content\/uploads\/2023\/05\/playgrounds-artificiales-ejerciten-sus-habilidades-psicomotrices.jpg\" alt=\"Playgrounds Artificiales\"><\/p>\n<\/li>\n<li>\n<p>        <img decoding=\"async\" src=\"\/wp-content\/uploads\/2023\/05\/playgrounds-artificiales-parques-infantiles.jpg\" alt=\"\"><\/p>\n<\/li>\n<li>\n<p>        <img decoding=\"async\" src=\"\/wp-content\/uploads\/2023\/05\/35542_624635397555556_469929422_n.jpg\" alt=\"\"><\/p>\n<\/li>\n<li>\n<p>        <img decoding=\"async\" src=\"\/wp-content\/uploads\/2023\/05\/483741_567261213292975_269737648_n.jpg\" alt=\"\"><\/p>\n<\/li>\n<li>\n<p>        <img decoding=\"async\" src=\"\/wp-content\/uploads\/2023\/05\/540679_624632680889161_640306376_n.jpg\" alt=\"\"><\/p>\n<\/li>\n<li>\n<p>        <img decoding=\"async\" src=\"\/wp-content\/uploads\/2023\/05\/c6631f684eec63d96b76241f25365406.jpg\" alt=\"\"><\/p>\n<\/li>\n<li>\n<p>        <img decoding=\"async\" src=\"\/wp-content\/uploads\/2023\/05\/fd62b60c789ea6f5404d6cb6974402af.jpg\" alt=\"\"><\/p>\n<\/li>\n<li>\n<p>        <img decoding=\"async\" src=\"\/wp-content\/uploads\/2023\/05\/p1040012.jpg\" alt=\"\"><\/p>\n<\/li>\n<li>\n<p>        <img decoding=\"async\" src=\"\/wp-content\/uploads\/2023\/05\/p1040018.jpg\" alt=\"\"><\/p>\n<\/li>\n<\/ul>\n<p><!--more--><br \/>\n<!-- {\"type\":\"layout\",\"children\":[{\"type\":\"section\",\"props\":{\"image\":\"wp-content\\\/uploads\\\/2023\\\/05\\\/PLAYGROUNDS.jpg\",\"image_effect\":\"fixed\",\"image_position\":\"bottom-center\",\"image_size\":\"cover\",\"media_overlay\":\"rgba(0, 0, 0, 0.35)\",\"padding\":\"large\",\"style\":\"default\",\"title_breakpoint\":\"xl\",\"title_position\":\"top-left\",\"title_rotation\":\"left\",\"vertical_align\":\"middle\",\"width\":\"default\"},\"children\":[{\"type\":\"row\",\"children\":[{\"type\":\"column\",\"props\":{\"image_position\":\"center-center\",\"media_overlay_gradient\":\"\",\"position_sticky_breakpoint\":\"m\"},\"children\":[{\"type\":\"headline\",\"props\":{\"content\":\"PLAYGROUNDS ARTIFICIALES\",\"text_align\":\"center\",\"title_element\":\"h2\"}}]}]}]},{\"type\":\"section\",\"props\":{\"image_position\":\"center-center\",\"padding_remove_bottom\":true,\"style\":\"default\",\"title_breakpoint\":\"xl\",\"title_position\":\"top-left\",\"title_rotation\":\"left\",\"vertical_align\":\"middle\",\"width\":\"default\"},\"children\":[{\"type\":\"row\",\"children\":[{\"type\":\"column\",\"props\":{\"image_position\":\"center-center\",\"media_overlay_gradient\":\"\",\"position_sticky_breakpoint\":\"m\"},\"children\":[{\"type\":\"divider\",\"props\":{\"divider_align\":\"center\",\"divider_element\":\"hr\",\"divider_style\":\"small\"}},{\"type\":\"text\",\"props\":{\"column_breakpoint\":\"m\",\"content\":\"\n\n<p><span>La compa\\u00f1\\u00eda se ha enfocado en el desarrollo y edificaci\\u00f3n de \\u00e1reas de playgrounds artificiales, con el objetivo de cumplir con las demandas de nuestros clientes mediante la creaci\\u00f3n y adaptaci\\u00f3n de entornos infantiles, residenciales y comerciales, siempre priorizando la promoci\\u00f3n de una cultura del juego.<\\\/span><\\\/p>\",\"margin\":\"default\",\"text_align\":\"center\"}}]}],\"props\":{\"margin\":\"default\",\"margin_remove_bottom\":true}},{\"type\":\"row\",\"props\":{\"margin\":\"default\",\"margin_remove_bottom\":true},\"children\":[{\"type\":\"column\",\"props\":{\"image_position\":\"center-center\",\"media_overlay_gradient\":\"\",\"position_sticky_breakpoint\":\"m\"},\"children\":[{\"type\":\"gallery\",\"props\":{\"content_display\":\"item\",\"filter_align\":\"left\",\"filter_all\":true,\"filter_grid_breakpoint\":\"m\",\"filter_grid_width\":\"auto\",\"filter_position\":\"top\",\"filter_style\":\"tab\",\"grid_default\":\"1\",\"grid_large\":\"2\",\"grid_medium\":\"3\",\"image_border\":\"rounded\",\"image_height\":\"400\",\"image_loading\":false,\"image_orientation\":false,\"image_transition\":\"scale-up\",\"image_transition_border\":false,\"image_width\":\"600\",\"item_animation\":true,\"lightbox\":true,\"lightbox_image_orientation\":true,\"link_style\":\"default\",\"link_text\":\"\",\"margin\":\"default\",\"meta_align\":\"below-title\",\"meta_element\":\"div\",\"meta_style\":\"text-meta\",\"overlay_hover\":true,\"overlay_link\":true,\"overlay_mode\":\"cover\",\"overlay_position\":\"center\",\"overlay_style\":\"overlay-primary\",\"overlay_transition\":\"fade\",\"show_content\":true,\"show_hover_image\":true,\"show_link\":true,\"show_meta\":true,\"show_title\":true,\"text_align\":\"center\",\"text_color\":\"light\",\"title_element\":\"h3\",\"title_hover_style\":\"reset\"},\"children\":[{\"type\":\"gallery_item\",\"props\":{\"image\":\"wp-content\\\/uploads\\\/2023\\\/05\\\/img-20170110-wa0000-1.jpg\",\"image_alt\":\"Playgrounds Artificiales\"}},{\"type\":\"gallery_item\",\"props\":{\"image\":\"wp-content\\\/uploads\\\/2023\\\/05\\\/arboles-artificiales-centros-coemrciales-1.jpg\",\"image_alt\":\"Playgrounds Artificiales\"}}]}]}]}]},{\"type\":\"section\",\"props\":{\"image\":\"\",\"image_effect\":\"fixed\",\"image_loading\":false,\"image_position\":\"center-center\",\"image_size\":\"cover\",\"media_overlay\":\"rgba(0, 0, 0, 0.66)\",\"padding\":\"large\",\"sticky\":\"cover\",\"style\":\"default\",\"title_breakpoint\":\"xl\",\"title_position\":\"top-left\",\"title_rotation\":\"left\",\"vertical_align\":\"middle\",\"video\":\"wp-content\\\/uploads\\\/2023\\\/05\\\/f2.mp4\",\"width\":\"small\"},\"children\":[{\"type\":\"row\",\"props\":{\"column_gap\":\"large\",\"layout\":\"1-2,1-2\"},\"children\":[{\"type\":\"column\",\"props\":{\"image_position\":\"center-center\",\"media_overlay_gradient\":\"\",\"position_sticky_breakpoint\":\"m\",\"vertical_align\":\"middle\",\"width_medium\":\"1-2\"},\"children\":[{\"type\":\"headline\",\"props\":{\"content\":\"NUESTROS PRODUCTOS SE PUEDEN OBTENER EN VENTA O ALQUILER\",\"margin\":\"large\",\"title_element\":\"h1\",\"title_style\":\"h2\"}}]},{\"type\":\"column\",\"props\":{\"image_position\":\"center-center\",\"media_overlay_gradient\":\"\",\"position_sticky_breakpoint\":\"m\",\"width_medium\":\"1-2\"},\"children\":[{\"type\":\"button\",\"props\":{\"fullwidth\":true,\"grid_column_gap\":\"small\",\"grid_row_gap\":\"small\",\"margin\":\"default\"},\"children\":[{\"type\":\"button_item\",\"props\":{\"button_style\":\"default\",\"content\":\"Escribir Whatsapp\",\"icon\":\"whatsapp\",\"icon_align\":\"left\",\"link\":\"https:\\\/\\\/wa.me\\\/57573104309155\"}},{\"type\":\"button_item\",\"props\":{\"button_style\":\"primary\",\"content\":\"Llamar:  3104309155\",\"icon\":\"receiver\",\"icon_align\":\"left\",\"link\":\"tel:+573104309155\"}},{\"type\":\"button_item\",\"props\":{\"button_style\":\"primary\",\"content\":\"Cont\\u00e1ctanos \",\"icon\":\"commenting\",\"icon_align\":\"left\",\"link\":\"contacto\\\/\"}}]}]}]}],\"name\":\".descansador \"},{\"type\":\"section\",\"props\":{\"image_position\":\"center-center\",\"style\":\"default\",\"title_breakpoint\":\"xl\",\"title_position\":\"top-left\",\"title_rotation\":\"left\",\"vertical_align\":\"middle\",\"width\":\"default\"},\"children\":[{\"type\":\"row\",\"props\":{\"layout\":\"2-5,3-5\",\"margin_remove_bottom\":true},\"children\":[{\"type\":\"column\",\"props\":{\"image_position\":\"center-center\",\"media_overlay_gradient\":\"\",\"position_sticky_breakpoint\":\"m\",\"vertical_align\":\"middle\",\"width_medium\":\"2-5\"},\"children\":[{\"type\":\"text\",\"props\":{\"column_breakpoint\":\"m\",\"content\":\"Nuestra idea central es crear espacios ludikos integrando tematizaciones y paisajismo artificial para obtener un mundo divertido donde las personas puedan echar a volar su imaginaci\\u00f3n atesorando estos momentos en familia a trav\\u00e9s de generaciones.\",\"margin\":\"default\",\"text_align\":\"justify\"}}]},{\"type\":\"column\",\"props\":{\"image_position\":\"center-center\",\"media_overlay_gradient\":\"\",\"position_sticky_breakpoint\":\"m\",\"vertical_align\":\"middle\",\"width_medium\":\"3-5\"},\"children\":[{\"type\":\"gallery\",\"props\":{\"filter\":false,\"filter_align\":\"left\",\"filter_all\":true,\"filter_grid_breakpoint\":\"m\",\"filter_grid_width\":\"auto\",\"filter_position\":\"top\",\"filter_style\":\"tab\",\"grid_column_gap\":\"medium\",\"grid_default\":\"1\",\"grid_large\":\"2\",\"grid_medium\":\"3\",\"grid_row_gap\":\"medium\",\"image_border\":\"rounded\",\"image_height\":\"800\",\"image_orientation\":false,\"image_transition\":\"scale-up\",\"image_transition_border\":false,\"image_width\":\"600\",\"item_animation\":true,\"lightbox\":true,\"link_style\":\"default\",\"link_text\":\"\",\"margin\":\"default\",\"meta_align\":\"below-title\",\"meta_element\":\"div\",\"meta_style\":\"text-meta\",\"overlay_hover\":true,\"overlay_link\":true,\"overlay_mode\":\"cover\",\"overlay_position\":\"center\",\"overlay_style\":\"overlay-primary\",\"overlay_transition\":\"fade\",\"show_content\":true,\"show_hover_image\":true,\"show_link\":true,\"show_meta\":true,\"show_title\":true,\"text_align\":\"center\",\"text_color\":\"light\",\"title_element\":\"h3\",\"title_hover_style\":\"reset\"},\"children\":[{\"type\":\"gallery_item\",\"props\":{\"image\":\"wp-content\\\/uploads\\\/2023\\\/05\\\/img-20170110-wa0000-1.jpg\",\"image_alt\":\"Playgrounds Artificiales\"}},{\"type\":\"gallery_item\",\"props\":{\"image\":\"wp-content\\\/uploads\\\/2023\\\/05\\\/arboles-artificiales-centros-coemrciales-1.jpg\",\"image_alt\":\"Playgrounds Artificiales\"}}]}]}]},{\"type\":\"row\",\"children\":[{\"type\":\"column\",\"props\":{\"image_position\":\"center-center\",\"media_overlay_gradient\":\"\",\"position_sticky_breakpoint\":\"m\"},\"children\":[{\"type\":\"gallery\",\"props\":{\"filter\":false,\"filter_align\":\"left\",\"filter_all\":true,\"filter_grid_breakpoint\":\"m\",\"filter_grid_width\":\"auto\",\"filter_position\":\"top\",\"filter_style\":\"tab\",\"grid_column_gap\":\"medium\",\"grid_default\":\"1\",\"grid_large\":\"4\",\"grid_medium\":\"3\",\"grid_row_gap\":\"medium\",\"image_border\":\"rounded\",\"image_height\":\"800\",\"image_orientation\":false,\"image_transition\":\"scale-up\",\"image_transition_border\":false,\"image_width\":\"600\",\"item_animation\":true,\"lightbox\":true,\"link_style\":\"default\",\"link_text\":\"\",\"margin\":\"default\",\"meta_align\":\"below-title\",\"meta_element\":\"div\",\"meta_style\":\"text-meta\",\"overlay_hover\":true,\"overlay_link\":true,\"overlay_mode\":\"cover\",\"overlay_position\":\"center\",\"overlay_style\":\"overlay-primary\",\"overlay_transition\":\"fade\",\"show_content\":true,\"show_hover_image\":true,\"show_link\":true,\"show_meta\":true,\"show_title\":true,\"text_align\":\"center\",\"text_color\":\"light\",\"title_element\":\"h3\",\"title_hover_style\":\"reset\"},\"children\":[{\"type\":\"gallery_item\",\"props\":{\"image\":\"wp-content\\\/uploads\\\/2023\\\/05\\\/p1040020.jpg\",\"image_alt\":\"Playgrounds Artificiales\"}},{\"type\":\"gallery_item\",\"props\":{\"image\":\"wp-content\\\/uploads\\\/2023\\\/05\\\/arboles-artificiales-inernos-1.jpg\",\"image_alt\":\"Playgrounds Artificiales\"}},{\"type\":\"gallery_item\",\"props\":{\"image\":\"wp-content\\\/uploads\\\/2023\\\/05\\\/playgrounds-artificiales-casas-de-juego-1.jpg\",\"image_alt\":\"Playgrounds Artificiales\"}},{\"type\":\"gallery_item\",\"props\":{\"image\":\"wp-content\\\/uploads\\\/2023\\\/05\\\/p1040169.jpg\",\"image_alt\":\"Playgrounds Artificiales\"}},{\"type\":\"gallery_item\",\"props\":{\"image\":\"wp-content\\\/uploads\\\/2023\\\/05\\\/p1040171.jpg\",\"image_alt\":\"Playgrounds Artificiales\"}},{\"type\":\"gallery_item\",\"props\":{\"image\":\"wp-content\\\/uploads\\\/2023\\\/05\\\/p1040225.jpg\",\"image_alt\":\"Playgrounds Artificiales\"}},{\"type\":\"gallery_item\",\"props\":{\"image\":\"wp-content\\\/uploads\\\/2023\\\/05\\\/playgrounds-artificiales-ejerciten-sus-habilidades-psicomotrices.jpg\",\"image_alt\":\"Playgrounds Artificiales\"}},{\"type\":\"gallery_item\",\"props\":{\"image\":\"wp-content\\\/uploads\\\/2023\\\/05\\\/playgrounds-artificiales-parques-infantiles.jpg\"}},{\"type\":\"gallery_item\",\"props\":{\"image\":\"wp-content\\\/uploads\\\/2023\\\/05\\\/35542_624635397555556_469929422_n.jpg\"}},{\"type\":\"gallery_item\",\"props\":{\"image\":\"wp-content\\\/uploads\\\/2023\\\/05\\\/483741_567261213292975_269737648_n.jpg\"}},{\"type\":\"gallery_item\",\"props\":{\"image\":\"wp-content\\\/uploads\\\/2023\\\/05\\\/540679_624632680889161_640306376_n.jpg\"}},{\"type\":\"gallery_item\",\"props\":{\"image\":\"wp-content\\\/uploads\\\/2023\\\/05\\\/c6631f684eec63d96b76241f25365406.jpg\"}},{\"type\":\"gallery_item\",\"props\":{\"image\":\"wp-content\\\/uploads\\\/2023\\\/05\\\/fd62b60c789ea6f5404d6cb6974402af.jpg\"}},{\"type\":\"gallery_item\",\"props\":{\"image\":\"wp-content\\\/uploads\\\/2023\\\/05\\\/p1040012.jpg\"}},{\"type\":\"gallery_item\",\"props\":{\"image\":\"wp-content\\\/uploads\\\/2023\\\/05\\\/p1040018.jpg\"}}]}]}]}]}],\"version\":\"3.0.31\"} --><\/p>\n","protected":false},"excerpt":{"rendered":"<p>PLAYGROUNDS ARTIFICIALES La compa\u00f1\u00eda se ha enfocado en el desarrollo y edificaci\u00f3n de \u00e1reas de playgrounds artificiales, con el objetivo de cumplir con las demandas de nuestros clientes mediante la creaci\u00f3n y adaptaci\u00f3n de entornos infantiles, residenciales y comerciales, siempre priorizando la promoci\u00f3n de una cultura del juego. NUESTROS PRODUCTOS SE PUEDEN OBTENER EN VENTA [&hellip;]<\/p>\n","protected":false},"author":1,"featured_media":0,"parent":0,"menu_order":0,"comment_status":"closed","ping_status":"closed","template":"","meta":{"footnotes":""},"class_list":["post-23","page","type-page","status-publish","hentry"],"yoast_head":"<!-- This site is optimized with the Yoast SEO plugin v25.1 - https:\/\/yoast.com\/wordpress\/plugins\/seo\/ -->\n<title>Playgrounds Artificiales - FABRICA<\/title>\n<meta name=\"description\" content=\"Descubre la diversi\u00f3n y seguridad de nuestros Playgrounds Artificiales. Ofrecemos una amplia selecci\u00f3n de opciones para crear \u00e1reas de juego.\" \/>\n<meta name=\"robots\" content=\"index, follow, max-snippet:-1, max-image-preview:large, max-video-preview:-1\" \/>\n<link rel=\"canonical\" href=\"https:\/\/arbolesartificiales.net\/?page_id=23\" \/>\n<meta property=\"og:locale\" content=\"es_ES\" \/>\n<meta property=\"og:type\" content=\"article\" \/>\n<meta property=\"og:title\" content=\"Playgrounds Artificiales - FABRICA\" \/>\n<meta property=\"og:description\" content=\"Descubre la diversi\u00f3n y seguridad de nuestros Playgrounds Artificiales. Ofrecemos una amplia selecci\u00f3n de opciones para crear \u00e1reas de juego.\" \/>\n<meta property=\"og:url\" content=\"https:\/\/arbolesartificiales.net\/?page_id=23\" \/>\n<meta property=\"og:site_name\" content=\"FABRICA\" \/>\n<meta property=\"article:modified_time\" content=\"2023-07-26T22:00:39+00:00\" \/>\n<meta name=\"twitter:card\" content=\"summary_large_image\" \/>\n<meta name=\"twitter:label1\" content=\"Tiempo de lectura\" \/>\n\t<meta name=\"twitter:data1\" content=\"5 minutos\" \/>\n<script type=\"application\/ld+json\" class=\"yoast-schema-graph\">{\"@context\":\"https:\/\/schema.org\",\"@graph\":[{\"@type\":\"WebPage\",\"@id\":\"https:\/\/arbolesartificiales.net\/?page_id=23\",\"url\":\"https:\/\/arbolesartificiales.net\/?page_id=23\",\"name\":\"Playgrounds Artificiales - FABRICA\",\"isPartOf\":{\"@id\":\"https:\/\/arbolesartificiales.net\/#website\"},\"datePublished\":\"2023-05-10T22:26:06+00:00\",\"dateModified\":\"2023-07-26T22:00:39+00:00\",\"description\":\"Descubre la diversi\u00f3n y seguridad de nuestros Playgrounds Artificiales. Ofrecemos una amplia selecci\u00f3n de opciones para crear \u00e1reas de juego.\",\"breadcrumb\":{\"@id\":\"https:\/\/arbolesartificiales.net\/?page_id=23#breadcrumb\"},\"inLanguage\":\"es-CO\",\"potentialAction\":[{\"@type\":\"ReadAction\",\"target\":[\"https:\/\/arbolesartificiales.net\/?page_id=23\"]}]},{\"@type\":\"BreadcrumbList\",\"@id\":\"https:\/\/arbolesartificiales.net\/?page_id=23#breadcrumb\",\"itemListElement\":[{\"@type\":\"ListItem\",\"position\":1,\"name\":\"Home\",\"item\":\"https:\/\/arbolesartificiales.net\/\"},{\"@type\":\"ListItem\",\"position\":2,\"name\":\"Playgrounds Artificiales\"}]},{\"@type\":\"WebSite\",\"@id\":\"https:\/\/arbolesartificiales.net\/#website\",\"url\":\"https:\/\/arbolesartificiales.net\/\",\"name\":\"FABRICA\",\"description\":\"ARTIFICIALES BOGOTA\",\"publisher\":{\"@id\":\"https:\/\/arbolesartificiales.net\/#organization\"},\"potentialAction\":[{\"@type\":\"SearchAction\",\"target\":{\"@type\":\"EntryPoint\",\"urlTemplate\":\"https:\/\/arbolesartificiales.net\/?s={search_term_string}\"},\"query-input\":{\"@type\":\"PropertyValueSpecification\",\"valueRequired\":true,\"valueName\":\"search_term_string\"}}],\"inLanguage\":\"es-CO\"},{\"@type\":\"Organization\",\"@id\":\"https:\/\/arbolesartificiales.net\/#organization\",\"name\":\"Plastic Trees\",\"url\":\"https:\/\/arbolesartificiales.net\/\",\"logo\":{\"@type\":\"ImageObject\",\"inLanguage\":\"es-CO\",\"@id\":\"https:\/\/arbolesartificiales.net\/#\/schema\/logo\/image\/\",\"url\":\"https:\/\/arbolesartificiales.net\/wp-content\/uploads\/2023\/06\/i2a.png\",\"contentUrl\":\"https:\/\/arbolesartificiales.net\/wp-content\/uploads\/2023\/06\/i2a.png\",\"width\":201,\"height\":201,\"caption\":\"Plastic Trees\"},\"image\":{\"@id\":\"https:\/\/arbolesartificiales.net\/#\/schema\/logo\/image\/\"}}]}<\/script>\n<!-- \/ Yoast SEO plugin. -->","yoast_head_json":{"title":"Playgrounds Artificiales - FABRICA","description":"Descubre la diversi\u00f3n y seguridad de nuestros Playgrounds Artificiales. Ofrecemos una amplia selecci\u00f3n de opciones para crear \u00e1reas de juego.","robots":{"index":"index","follow":"follow","max-snippet":"max-snippet:-1","max-image-preview":"max-image-preview:large","max-video-preview":"max-video-preview:-1"},"canonical":"https:\/\/arbolesartificiales.net\/?page_id=23","og_locale":"es_ES","og_type":"article","og_title":"Playgrounds Artificiales - FABRICA","og_description":"Descubre la diversi\u00f3n y seguridad de nuestros Playgrounds Artificiales. Ofrecemos una amplia selecci\u00f3n de opciones para crear \u00e1reas de juego.","og_url":"https:\/\/arbolesartificiales.net\/?page_id=23","og_site_name":"FABRICA","article_modified_time":"2023-07-26T22:00:39+00:00","twitter_card":"summary_large_image","twitter_misc":{"Tiempo de lectura":"5 minutos"},"schema":{"@context":"https:\/\/schema.org","@graph":[{"@type":"WebPage","@id":"https:\/\/arbolesartificiales.net\/?page_id=23","url":"https:\/\/arbolesartificiales.net\/?page_id=23","name":"Playgrounds Artificiales - FABRICA","isPartOf":{"@id":"https:\/\/arbolesartificiales.net\/#website"},"datePublished":"2023-05-10T22:26:06+00:00","dateModified":"2023-07-26T22:00:39+00:00","description":"Descubre la diversi\u00f3n y seguridad de nuestros Playgrounds Artificiales. Ofrecemos una amplia selecci\u00f3n de opciones para crear \u00e1reas de juego.","breadcrumb":{"@id":"https:\/\/arbolesartificiales.net\/?page_id=23#breadcrumb"},"inLanguage":"es-CO","potentialAction":[{"@type":"ReadAction","target":["https:\/\/arbolesartificiales.net\/?page_id=23"]}]},{"@type":"BreadcrumbList","@id":"https:\/\/arbolesartificiales.net\/?page_id=23#breadcrumb","itemListElement":[{"@type":"ListItem","position":1,"name":"Home","item":"https:\/\/arbolesartificiales.net\/"},{"@type":"ListItem","position":2,"name":"Playgrounds Artificiales"}]},{"@type":"WebSite","@id":"https:\/\/arbolesartificiales.net\/#website","url":"https:\/\/arbolesartificiales.net\/","name":"FABRICA","description":"ARTIFICIALES BOGOTA","publisher":{"@id":"https:\/\/arbolesartificiales.net\/#organization"},"potentialAction":[{"@type":"SearchAction","target":{"@type":"EntryPoint","urlTemplate":"https:\/\/arbolesartificiales.net\/?s={search_term_string}"},"query-input":{"@type":"PropertyValueSpecification","valueRequired":true,"valueName":"search_term_string"}}],"inLanguage":"es-CO"},{"@type":"Organization","@id":"https:\/\/arbolesartificiales.net\/#organization","name":"Plastic Trees","url":"https:\/\/arbolesartificiales.net\/","logo":{"@type":"ImageObject","inLanguage":"es-CO","@id":"https:\/\/arbolesartificiales.net\/#\/schema\/logo\/image\/","url":"https:\/\/arbolesartificiales.net\/wp-content\/uploads\/2023\/06\/i2a.png","contentUrl":"https:\/\/arbolesartificiales.net\/wp-content\/uploads\/2023\/06\/i2a.png","width":201,"height":201,"caption":"Plastic Trees"},"image":{"@id":"https:\/\/arbolesartificiales.net\/#\/schema\/logo\/image\/"}}]}},"_links":{"self":[{"href":"https:\/\/arbolesartificiales.net\/index.php?rest_route=\/wp\/v2\/pages\/23","targetHints":{"allow":["GET"]}}],"collection":[{"href":"https:\/\/arbolesartificiales.net\/index.php?rest_route=\/wp\/v2\/pages"}],"about":[{"href":"https:\/\/arbolesartificiales.net\/index.php?rest_route=\/wp\/v2\/types\/page"}],"author":[{"embeddable":true,"href":"https:\/\/arbolesartificiales.net\/index.php?rest_route=\/wp\/v2\/users\/1"}],"replies":[{"embeddable":true,"href":"https:\/\/arbolesartificiales.net\/index.php?rest_route=%2Fwp%2Fv2%2Fcomments&post=23"}],"version-history":[{"count":48,"href":"https:\/\/arbolesartificiales.net\/index.php?rest_route=\/wp\/v2\/pages\/23\/revisions"}],"predecessor-version":[{"id":1388,"href":"https:\/\/arbolesartificiales.net\/index.php?rest_route=\/wp\/v2\/pages\/23\/revisions\/1388"}],"wp:attachment":[{"href":"https:\/\/arbolesartificiales.net\/index.php?rest_route=%2Fwp%2Fv2%2Fmedia&parent=23"}],"curies":[{"name":"wp","href":"https:\/\/api.w.org\/{rel}","templated":true}]}}